{"id":5382,"date":"2025-11-29T16:52:31","date_gmt":"2025-11-29T16:52:31","guid":{"rendered":"https:\/\/dacadaguao4d.academy\/declaracion-de-privacidad-br\/"},"modified":"2025-11-29T16:52:31","modified_gmt":"2025-11-29T16:52:31","slug":"declaracion-de-privacidad-br","status":"publish","type":"page","link":"https:\/\/dacadaguao4d.academy\/en\/declaracion-de-privacidad-br\/","title":{"rendered":"Privacy Statement (BR)"},"content":{"rendered":"\n<!-- Legal document generated by Complianz | GDPR\/CCPA Cookie Consent https:\/\/wordpress.org\/plugins\/complianz-gdpr -->\n<div id=\"cmplz-document\" class=\"cmplz-document privacy-statement cmplz-document-br\"><p><i>This privacy statement was last updated on 30 November, 2025 and applies to citizens and legal permanent residents of Brazil.<\/i><br \/><br \/><\/p><p>In this privacy statement, we explain what we do with the data we obtain about you via <a href=\"https:\/\/dacadaguao4d.academy\/en\/\">https:\/\/dacadaguao4d.academy\/en\/<\/a>. We recommend you carefully read this statement. In our processing we comply with the requirements of privacy legislation. That means, among other things, that:<\/p><ul>\n                <li>we clearly state the purposes for which we process personal data. We do this by means of this privacy statement;<\/li>\n                <li>we aim to limit our collection of personal data to only the personal data required for legitimate purposes;<\/li>\n                <li>we first request your explicit consent to process your personal data in cases requiring your consent;<\/li>\n                <li>we take appropriate security measures to protect your personal data and also require this from parties that process personal data on our behalf;<\/li>\n                <li>we respect your right to access your personal data or have it corrected or deleted, at your request.<\/li>\n            <\/ul><p>If you have any questions, or want to know exactly what data we keep of you, please contact us.<\/p><h2>1. Purpose, data and retention period<\/h2>We may collect or receive personal information for a number of purposes connected with our business operations which may include the following: (click to expand)<details class=\"cmplz-dropdown dropdown-privacy-statement\"><summary><div><h3>1.1 Contact - Through phone, mail, email and\/or webforms<\/h3><\/div><\/summary><p class=\"cmplz-subtitle\">For this purpose we use the following data:<\/p><p><ul><li>A first and last name<\/li><li>Account name or alias<\/li><li>A home or other physical address, including street name and name of a city or town<\/li><li>An email address<\/li><li>A telephone number<\/li><li>Internet activity information, including, but not limited to, browsing history, search history, and information regarding a consumer&#039;s interaction with an Internet Web site, application, or advertisement<\/li><li>Geolocation data<\/li><\/ul><\/p><p class=\"cmplz-subtitle\">The basis on which we may process these data is:<\/p><p><a target=\"_blank\" rel=\"noopener noreferrer nofollow\" href=\"https:\/\/cookiedatabase.org\/legal-bases\/#consent\">Upon the provision of consent.<\/a><\/p><p class=\"cmplz-subtitle\">Retention period<\/p><p>We retain this data until the service is terminated.<\/p><\/details><details class=\"cmplz-dropdown dropdown-privacy-statement\"><summary><div><h3>1.2 Payments<\/h3><\/div><\/summary><p class=\"cmplz-subtitle\">For this purpose we use the following data:<\/p><p><ul><li>A first and last name<\/li><li>Account name or alias<\/li><li>A home or other physical address, including street name and name of a city or town<\/li><li>An email address<\/li><li>A telephone number<\/li><li>Geolocation data<\/li><li>Date of birth<\/li><\/ul><\/p><p class=\"cmplz-subtitle\">The basis on which we may process these data is:<\/p><p><a target=\"_blank\" rel=\"noopener noreferrer nofollow\" href=\"https:\/\/cookiedatabase.org\/legal-bases\/#consent\">Upon the provision of consent.<\/a><\/p><p class=\"cmplz-subtitle\">Retention period<\/p><p>We retain this data until the service is terminated.<\/p><\/details><details class=\"cmplz-dropdown dropdown-privacy-statement\"><summary><div><h3>1.3 Registering an account<\/h3><\/div><\/summary><p class=\"cmplz-subtitle\">For this purpose we use the following data:<\/p><p><ul><li>A first and last name<\/li><li>Account name or alias<\/li><li>A home or other physical address, including street name and name of a city or town<\/li><li>An email address<\/li><li>A telephone number<\/li><li>Internet activity information, including, but not limited to, browsing history, search history, and information regarding a consumer&#039;s interaction with an Internet Web site, application, or advertisement<\/li><li>Geolocation data<\/li><li>Date of birth<\/li><li>Photos<\/li><li>Sex<\/li><\/ul><\/p><p class=\"cmplz-subtitle\">The basis on which we may process these data is:<\/p><p><a target=\"_blank\" rel=\"noopener noreferrer nofollow\" href=\"https:\/\/cookiedatabase.org\/legal-bases\/#consent\">Upon the provision of consent.<\/a><\/p><p class=\"cmplz-subtitle\">Retention period<\/p><p>We retain this data until the service is terminated.<\/p><\/details><details class=\"cmplz-dropdown dropdown-privacy-statement\"><summary><div><h3>1.4 Newsletters<\/h3><\/div><\/summary><p class=\"cmplz-subtitle\">For this purpose we use the following data:<\/p><p><ul><li>A first and last name<\/li><li>Account name or alias<\/li><li>An email address<\/li><\/ul><\/p><p class=\"cmplz-subtitle\">The basis on which we may process these data is:<\/p><p><a target=\"_blank\" rel=\"noopener noreferrer nofollow\" href=\"https:\/\/cookiedatabase.org\/legal-bases\/#consent\">Upon the provision of consent.<\/a><\/p><p class=\"cmplz-subtitle\">Retention period<\/p><p>We retain this data until the service is terminated.<\/p><\/details><details class=\"cmplz-dropdown dropdown-privacy-statement\"><summary><div><h3>1.5 Compiling and analyzing statistics for website improvement.<\/h3><\/div><\/summary><p class=\"cmplz-subtitle\">For this purpose we use the following data:<\/p><p><ul><li>IP Address<\/li><\/ul><\/p><p class=\"cmplz-subtitle\">The basis on which we may process these data is:<\/p><p><a target=\"_blank\" rel=\"noopener noreferrer nofollow\" href=\"https:\/\/cookiedatabase.org\/legal-bases\/#consent\">Upon the provision of consent.<\/a><\/p><p class=\"cmplz-subtitle\">Retention period<\/p><p>We retain this data until the service is terminated.<\/p><\/details><h2>2. What if you don&#039;t provide us with your personal information?<\/h2><p>If you don't provide us with your personal information, we may not be able to provide you with the information, products or assistance that you are seeking.<\/p><h2>3. Cookies<\/h2><p>Our website uses cookies. For more information about cookies, please refer to our <a href=\"https:\/\/dacadaguao4d.academy\/en\/politica-de-cookies-br\/\">Cookie Policy<\/a>.&nbsp;<\/p><h2>4. Disclosure practices<\/h2><p><p>We disclose personal information if we are required by law or by a court order, in response to a law enforcement agency, to the extent permitted under other provisions of law, to provide information, or for an investigation on a matter related to public safety.<\/p><p>If our website or organisation is taken over, sold, or involved in a merger or acquisition, your details may be disclosed to our advisers and any prospective purchasers and will be passed on to the new owners.<\/p><\/p><h2>5. Security<\/h2><p>We are committed to the security of personal data. We take appropriate security measures to limit abuse of and unauthorised access to personal data. This ensures that only the necessary persons have access to your data, that access to the data is protected, and that our security measures are regularly reviewed.<\/p><h2>6. Third-party websites<\/h2><p>This privacy statement does not apply to third-party websites connected by links on our website. We cannot guarantee that these third parties handle your personal data in a reliable or secure manner. We recommend you read the privacy statements of these websites prior to making use of these websites.<\/p><h2>7. Amendments to this privacy statement<\/h2><p>We reserve the right to make amendments to this privacy statement. It is recommended that you consult this privacy statement regularly in order to be aware of any changes. In addition, we will actively inform you wherever possible.<\/p><h2>8. Accessing and modifying your data<\/h2><p>If you have any questions or want to know which personal data we have about you, please contact us. You can contact us by using the information below. Your rights with respect to personal data:<\/p><ul>\n                <li>confirmation of the existence of processing;<\/li>\n                <li>access to data;<\/li>\n                <li>correction of incomplete, inaccurate, or outdated data;<\/li>\n                <li>anonymization, blocking, or deletion of unnecessary, excessive, or processed data in disagreement with the provisions of the General Law for the Protection of Personal Data (LGPD);<\/li>\n                <li>portability of data to another service or product provider, upon express request, in accordance with the regulations of the national authority, observing commercial and industrial secrets;<\/li>\n                <li>deletion of personal data processed with the consent of the holder, except in the cases provided for in art. 16 of the General Law for the Protection of Personal Data (LGPD);<\/li>\n                <li>information on public and private entities with which the controller shared data;<\/li>\n                <li>information on the possibility of not providing consent and on the consequences of denial.<\/li>\n            <\/ul><p>To exercise these rights, please contact us. Please refer to the contact details at the bottom of this Privacy Statement.<\/p>\n            <p>Please make sure to always clearly state who you are, so that we can be certain that we do not modify or delete any data of the wrong person.<\/p><h2>9. Automated decision-making<\/h2><p>We make decisions on the basis of automated processing with respect to matters that may have (significant) consequences for individuals. These are decisions taken by computer programmes or systems without human intervention.<\/p><p>En los cursos de la academia, se mantiene historial de progreso de las lecciones para facilitar el avance del estudiante.<\/p><h2>10. Submitting a complaint<\/h2><p>If you are not satisfied with the way in which we handle (a complaint about) the processing of your personal data, you have the right to submit a complaint to the National Data Protection Authority (ANPD):<\/p><p><br \/>Autoridade Nacional de Prote\u00e7\u00e3o de Dados\n\t\t\t\t\t\t<br \/>\n\t\t\t\t\t\t<br \/>Esplanada dos Minist\u00e9rios,\n\t\t\t\t\t\t<br \/>Bloco C,\n\t\t\t\t\t\t<br \/>2\u00ba andar,\n\t\t\t\t\t\t<br \/>CEP 70297-400 - Bras\u00edlia \u2013 DF.\n\t\t\t\t\t\t<br \/><a href=\"https:\/\/www.gov.br\/anpd\/pt-br\/canais_atendimento\/\" target=\"_blank\" rel=\"noopener\">Website<\/a><\/p><h2>11. Children<\/h2><p>Our website is not designed to attract children and it is not our intent to collect personal data from children under the age of consent in their country of residence. We therefore request that children under the age of consent do not submit any personal data to us.<\/p><h2>12. Contact details<\/h2><p>Daca Daguao Digital Design, LLC<br \/>\n        PO Box 25, Cleveland, TX 77327<br \/>\n        United States<br \/>\n        Website: <a href=\"https:\/\/dacadaguao4d.academy\/en\/\">https:\/\/dacadaguao4d.academy\/en\/<\/a> <br \/>\n        Email: <span class=\"cmplz-obfuscate\">web&#046;&#110;itain&#111;@<span class=\"cmplz-fmail-domain\">e&#120;&#046;c&#111;&#109;<\/span>&#100;&#097;&#099;&#097;&#100;a&#103;ua&#111;&#052;&#100;&#046;&#097;ca&#100;emy<\/span> <br \/>\n        Phone number: 541-731-1927<\/p><h2>13. Data Requests<\/h2><p>For the most frequently submitted requests, we also offer you the possibility to use our data request form<br \/>\t\t\t<div class=\"cmplz-datarequest cmplz-alert\">\n\t\t\t\t<span class=\"cmplz-close\">&times;<\/span>\n\t\t\t\t<span id=\"cmplz-message\"><\/span>\n\t\t\t<\/div>\n\t\t\t<form id=\"cmplz-datarequest-form\">\n\t\t\t\t<input type=\"hidden\" required value=\"br\" name=\"cmplz_datarequest_region\" id=\"cmplz_datarequest_region\" >\n\n\t\t\t\t<label for=\"cmplz_datarequest_firstname\" class=\"cmplz-first-name\">Name\t\t\t\t\t<input type=\"search\" class=\"datarequest-firstname\" value=\"\" placeholder=\"your first name\" id=\"cmplz_datarequest_firstname\" name=\"cmplz_datarequest_firstname\" >\n\t\t\t\t<\/label>\n\t\t\t\t<div>\n\t\t\t\t\t<label for=\"cmplz_datarequest_name\">Name<\/label>\n\t\t\t\t\t<input type=\"text\" required value=\"\" placeholder=\"Your name\" id=\"cmplz_datarequest_name\" name=\"cmplz_datarequest_name\">\n\t\t\t\t<\/div>\n\t\t\t\t<div>\n\t\t\t\t\t<label for=\"cmplz_datarequest_email\">Email<\/label>\n\t\t\t\t\t<input type=\"email\" required value=\"\" placeholder=\"email@email.com\" id=\"cmplz_datarequest_email\" name=\"cmplz_datarequest_email\">\n\t\t\t\t<\/div>\n\t\t\t\t\t\t\t\t\t\t<div class=\"cmplz_datarequest cmplz_datarequest_request_for_access\">\n\t\t\t\t\t\t\t<label for=\"cmplz_datarequest_request_for_access\">\n\t\t\t\t\t\t\t\t<input type=\"checkbox\" value=\"1\" name=\"cmplz_datarequest_request_for_access\" id=\"cmplz_datarequest_request_for_access\"\/>\n\t\t\t\t\t\t\t\tSubmit a request for access to the data we process about you.\t\t\t\t\t\t\t<\/label>\n\t\t\t\t\t\t<\/div>\n\t\t\t\t\t\t\t\t\t\t<div class=\"cmplz_datarequest cmplz_datarequest_right_to_be_forgotten\">\n\t\t\t\t\t\t\t<label for=\"cmplz_datarequest_right_to_be_forgotten\">\n\t\t\t\t\t\t\t\t<input type=\"checkbox\" value=\"1\" name=\"cmplz_datarequest_right_to_be_forgotten\" id=\"cmplz_datarequest_right_to_be_forgotten\"\/>\n\t\t\t\t\t\t\t\tSubmit a request for deletion of the data if it is no longer relevant.\t\t\t\t\t\t\t<\/label>\n\t\t\t\t\t\t<\/div>\n\t\t\t\t\t\t\t\t\t\t<div class=\"cmplz_datarequest cmplz_datarequest_right_to_data_portability\">\n\t\t\t\t\t\t\t<label for=\"cmplz_datarequest_right_to_data_portability\">\n\t\t\t\t\t\t\t\t<input type=\"checkbox\" value=\"1\" name=\"cmplz_datarequest_right_to_data_portability\" id=\"cmplz_datarequest_right_to_data_portability\"\/>\n\t\t\t\t\t\t\t\tSubmit a request to receive an export file of the data we process about you.\t\t\t\t\t\t\t<\/label>\n\t\t\t\t\t\t<\/div>\n\t\t\t\t\t\t\t\t<input type=\"button\" id=\"cmplz-datarequest-submit\"  value=\"Send\">\n\t\t\t<\/form>\n\n\t\t\t<style>\n\t\t\t\t\/* first-name is honeypot *\/\n\t\t\t\t.cmplz-first-name {\n\t\t\t\t\tposition: absolute !important;\n\t\t\t\t\tleft: -5000px !important;\n\t\t\t\t}\n\t\t\t<\/style>\n\t\t\t<\/p><h2>Annex<\/h2><p><h2>WPML<\/h2><p>WPML utiliza cookies para identificar el idioma actual del visitante, el \u00faltimo idioma visitado y el idioma de los usuarios que han iniciado sesi\u00f3n.<\/p><p>Mientras utiliza el complemento, WPML compartir\u00e1 datos sobre el sitio a trav\u00e9s del Instalador. No se compartir\u00e1n datos del usuario en s\u00ed.<\/p><h2>&nbsp;<\/h2><h2>Paid Memberships Pro<\/h2><h3>Datos recopilados para gestionar tu membres\u00eda<\/h3><p>Al finalizar la compra, recopilaremos tu nombre, direcci\u00f3n de correo electr\u00f3nico, nombre de usuario y contrase\u00f1a. Esta informaci\u00f3n se usa para configurar tu cuenta para nuestro sitio. Si se te redirige a una pasarela de pago externa para completar tu pago, podemos almacenar esta informaci\u00f3n en una variable de sesi\u00f3n temporal para configurar tu cuenta cuando vuelvas a nuestro sitio.<\/p><p>Al finalizar la compra, tambi\u00e9n podemos recopilar tu direcci\u00f3n de facturaci\u00f3n y n\u00famero de tel\u00e9fono. Esta informaci\u00f3n se usa para confirmar tu tarjeta de cr\u00e9dito. Nuestro sitio guarda la direcci\u00f3n de facturaci\u00f3n y el n\u00famero de tel\u00e9fono para rellenar autom\u00e1ticamente el formulario de pago para compras futuras y as\u00ed poder comunicarnos contigo si es necesario para comentar tu pedido.<\/p><p>Al finalizar la compra, tambi\u00e9n podemos recoger el n\u00famero, la fecha de caducidad y el c\u00f3digo de seguridad de tu tarjeta de cr\u00e9dito. Esta informaci\u00f3n se transmite a nuestra pasarela de pago para procesar tu compra. Nuestro sitio guarda los \u00faltimos 4 d\u00edgitos del n\u00famero de tu tarjeta de cr\u00e9dito y la fecha de caducidad para usarlos como referencia y para enviarte un correo electr\u00f3nico si tu tarjeta de cr\u00e9dito va a caducar antes del siguiente pago peri\u00f3dico.<\/p><p>Cuando est\u00e1s conectado, usamos cookies para rastrear parte de tu actividad en nuestro sitio, incluidos los accesos, las visitas y las visualizaciones de p\u00e1gina.<\/p><p>&nbsp;<\/p><h2>Really Simple Security<\/h2><p>Really Simple Security y las extensiones de Really Simple Security no procesan ninguna informaci\u00f3n personal identificable, por lo que el GDPR no se aplica a estos plug-ins ni al uso de estos plug-ins en tu sitio web. Puedes encontrar nuestra pol\u00edtica de privacidad <a href=\"https:\/\/really-simple-ssl.com\/privacy-statement\/\" target=\"_blank\" rel=\"noopener\">aqu\u00ed<\/a>.<\/p><p>&nbsp;<\/p><h2>Complianz | The Privacy Suite for WordPress<\/h2><p>Esta web utiliza la Privacy Suite for WordPress desde Complianz para recopilar registros de consentimiento.&nbsp;Para esta funcionalidad, tu direcci\u00f3n IP se anonimiza y se almacena en nuestra base de datos. &nbsp;Para m\u00e1s informaci\u00f3n, consulta la <a href=\"https:\/\/complianz.io\/privacy-statement\/\" target=\"_blank\" rel=\"noopener\">Declaraci\u00f3n de privacidad<\/a> de Complianz.<\/p><p>&nbsp;<\/p><h2>WP Statistics<\/h2><p>El texto a continuaci\u00f3n se gener\u00f3 a partir de tu configuraci\u00f3n actual de <strong>WP Statistics<\/strong> y detalla los datos de los visitantes que recopila tu sitio, los motivos de dicha recopilaci\u00f3n, c\u00f3mo se almacena la informaci\u00f3n y qui\u00e9n puede acceder a ella. Copia el texto en tu pol\u00edtica de privacidad y ajusta el estilo seg\u00fan sea necesario. Si posteriormente modificas alguna opci\u00f3n de WP Statistics o instalas otra herramienta que afecte a la recopilaci\u00f3n de datos, vuelve a generar esta secci\u00f3n para que tu pol\u00edtica siga siendo precisa. Para garantizar el cumplimiento completo, solicita a un abogado cualificado que revise la versi\u00f3n final.<\/p><p><strong>Utilizamos el plugin WP Statistics para analizar el tr\u00e1fico en nuestro sitio web.<\/strong> WP Statistics almacena sus datos en nuestro propio servidor y no los transmite a terceros. A continuaci\u00f3n, describimos qu\u00e9 informaci\u00f3n recopilamos a trav\u00e9s de WP Statistics, por qu\u00e9 la recopilamos y c\u00f3mo la gestionamos. Si tienes alguna pregunta o inquietud sobre nuestras pr\u00e1cticas de an\u00e1lisis, cont\u00e1cta con nosotors o consulta la <a href=\"https:\/\/wp-statistics.com\/resources\/wp-statistics-data-privacy\/?utm_source=wp-statistics&amp;utm_medium=link&amp;utm_campaign=privacy-policy\" target=\"_blank\" rel=\"noopener\">Gu\u00eda de privacidad de datos de WP Statistics<\/a>.<\/p><p>Almacenamos las <strong>direcciones IP<\/strong> de los visitantes de una manera que pueda permitirles ser identificables. En concreto:<\/p><ul><li><strong>Recopilaci\u00f3n de datos IP<\/strong>: Tu direcci\u00f3n IP se registra junto con las visitas a tus p\u00e1ginas, lo que a veces puede utilizarse para estimar tu ubicaci\u00f3n (pa\u00eds, ciudad).<\/li><li><strong>Por qu\u00e9 almacenamos direcciones IP<\/strong>: Esto nos ayuda a detectar visitas \u00fanicas, identificar posibles usos indebidos o problemas de seguridad y recopilar datos de tr\u00e1fico precisos.<\/li><li><strong>Protecci\u00f3n de datos<\/strong>: Mantenemos registros de IP en nuestro propio servidor, seguros y accesibles solo para el personal autorizado. No los compartimos a menos que la ley lo exija.<\/li><li><strong>Consideraciones de privacidad<\/strong>: dado que las direcciones IP pueden considerarse datos personales, tomamos medidas razonables para protegerlas. Puedes contactar con nosotros para solicitar la eliminaci\u00f3n u otros derechos sobre tus datos si consideras que tu direcci\u00f3n IP permite identificarte personalmente.<\/li><li>&nbsp;<\/li><\/ul><h2>LiteSpeed Cache<\/h2><p>Este sitio utiliza el almacenamiento en la cach\u00e9 para facilitar un tiempo de respuesta m\u00e1s r\u00e1pido y una mejor experiencia de usuario. El almacenamiento en la cach\u00e9, potencialmente, almacena una copia duplicada de cada p\u00e1gina web que se muestra en este sitio. Todos los archivos de la cach\u00e9 son temporales y nunca acceden a ellos terceras partes, salvo cuando necesario para obtener soporte t\u00e9cnico del proveedor del plugin de cach\u00e9. Los archivos de la cach\u00e9 caducan en una programaci\u00f3n establecida por el administrador del sitio, pero pueden ser f\u00e1cilmente purgados por el administrador antes de su caducidad natural, si fuese necesario. Podemos usar los servicios de QUIC.cloud para procesar y almacenar tus datos temporalmente en la cach\u00e9.Por favor, consulta <a href=\"https:\/\/quic.cloud\/privacy-policy\/\" target=\"_blank\" rel=\"noopener\">https:\/\/quic.cloud\/privacy-policy\/<\/a> para m\u00e1s detalles.<\/p><p>&nbsp;<\/p><h2>Akismet<\/h2><p>Recopilamos informaci\u00f3n sobre los visitantes que comentan en los sitios que usan nuestro servicio anti-spam, Akismet. La informaci\u00f3n que recopilamos depende de c\u00f3mo configure Akismet en el sitio el usuario, pero incluye, normalmente, la direcci\u00f3n IP del comentarista, el navegador del usuario, el sitio de referencia y la URL del sitio (adem\u00e1s de otra informaci\u00f3n directamente facilitada por el comentarista, como su nombre, nombre de usuario, direcci\u00f3n de correo electr\u00f3nico y el mismo comentario).<\/p><h2>&nbsp;<\/h2><h2>LifterLMS<\/h2><h3>&nbsp;<\/h3><h3>Lo que recopilamos y almacenamos<\/h3><p>Al registrar una cuenta con nosotros, le solicitaremos informaci\u00f3n como su nombre, direcci\u00f3n de facturaci\u00f3n, correo electr\u00f3nico, n\u00famero de tel\u00e9fono, datos de tarjeta de cr\u00e9dito\/pago e informaci\u00f3n opcional de la cuenta, como su nombre de usuario y contrase\u00f1a. Utilizaremos esta informaci\u00f3n para, entre otros:<\/p><p>Enviarle informaci\u00f3n sobre su cuenta, pedidos, cursos y membres\u00edas<br>Comunicarnos con usted sobre los cursos y membres\u00edas en los que est\u00e1 inscrito<br>Responder a sus solicitudes, incluidos reembolsos y reclamaciones<br>Procesar pagos y evitar el fraude<br>Configurar su cuenta en nuestro sitio<br>Cumplir con nuestras obligaciones legales<br>Mejorar nuestras ofertas en la p\u00e1gina<br>Enviar mensajes promocionales, si elige recibirlos<\/p><p>Al crear una cuenta, almacenaremos su nombre, direcci\u00f3n, correo electr\u00f3nico y n\u00famero de tel\u00e9fono, que se utilizar\u00e1n para completar el proceso de inscripci\u00f3n y pago para futuras compras e inscripciones.<\/p><p>Generalmente, almacenamos su informaci\u00f3n mientras la necesitemos para los fines para los que la recopilamos y utilizamos, y no estemos legalmente obligados a seguir conserv\u00e1ndola. Por ejemplo, almacenaremos la informaci\u00f3n de sus pedidos durante XXX a\u00f1os con fines fiscales y contables. Esto incluye su nombre, correo electr\u00f3nico y direcci\u00f3n de facturaci\u00f3n.<\/p><p>Tambi\u00e9n almacenamos sus comentarios y rese\u00f1as si decide dejarlos.<\/p><p>&nbsp;<\/p><h3>Qui\u00e9n de nuestro equipo tiene acceso<\/h3><p>Los miembros de nuestro equipo tienen acceso a la informaci\u00f3n que usted nos proporciona. Por ejemplo, tanto los administradores como los administradores del sitio pueden acceder a:<\/p><p>La informaci\u00f3n de pedidos, como qu\u00e9 se compr\u00f3, cu\u00e1ndo se compr\u00f3 y d\u00f3nde se deber\u00eda enviar, y<br>Informaci\u00f3n del cliente como su nombre, direcci\u00f3n de correo electr\u00f3nico e informaci\u00f3n de facturaci\u00f3n.<\/p><p>Los instructores del curso y de la membres\u00eda pueden acceder al progreso y las actividades de su curso, que incluyen:<\/p><p>Fechas de inscripci\u00f3n a sus cursos y membres\u00edas.<br>Progreso del curso e informaci\u00f3n de estado de sus cursos.<br>Respuestas de cuestionarios y tareas y calificaciones de sus cursos.<br>Comentarios y revisiones hechas sobre sus membres\u00edas y cursos<\/p><p>Los miembros de nuestro equipo tienen acceso a esta informaci\u00f3n para ayudar a completar los pedidos, procesar los reembolsos y darte soporte.<\/p><\/p><\/div>","protected":false},"excerpt":{"rendered":"","protected":false},"author":1,"featured_media":0,"parent":0,"menu_order":0,"comment_status":"closed","ping_status":"closed","template":"","meta":{"pmpro_default_level":"","episode_type":"","audio_file":"","podmotor_file_id":"","podmotor_episode_id":"","cover_image":"","cover_image_id":"","duration":"","filesize":"","filesize_raw":"","date_recorded":"","explicit":"","block":"","itunes_episode_number":"","itunes_title":"","itunes_season_number":"","itunes_episode_type":"","_themeisle_gutenberg_block_has_review":false,"footnotes":""},"class_list":["post-5382","page","type-page","status-publish","hentry","pmpro-has-access"],"_links":{"self":[{"href":"https:\/\/dacadaguao4d.academy\/en\/wp-json\/wp\/v2\/pages\/5382","targetHints":{"allow":["GET"]}}],"collection":[{"href":"https:\/\/dacadaguao4d.academy\/en\/wp-json\/wp\/v2\/pages"}],"about":[{"href":"https:\/\/dacadaguao4d.academy\/en\/wp-json\/wp\/v2\/types\/page"}],"author":[{"embeddable":true,"href":"https:\/\/dacadaguao4d.academy\/en\/wp-json\/wp\/v2\/users\/1"}],"replies":[{"embeddable":true,"href":"https:\/\/dacadaguao4d.academy\/en\/wp-json\/wp\/v2\/comments?post=5382"}],"version-history":[{"count":0,"href":"https:\/\/dacadaguao4d.academy\/en\/wp-json\/wp\/v2\/pages\/5382\/revisions"}],"wp:attachment":[{"href":"https:\/\/dacadaguao4d.academy\/en\/wp-json\/wp\/v2\/media?parent=5382"}],"curies":[{"name":"wp","href":"https:\/\/api.w.org\/{rel}","templated":true}]}}